{"id":8815,"date":"2025-12-09T08:20:51","date_gmt":"2025-12-09T08:20:51","guid":{"rendered":"https:\/\/santralgida.com\/urun\/tongue-cheeses-200g-bahcivan\/"},"modified":"2026-04-23T05:58:19","modified_gmt":"2026-04-23T05:58:19","slug":"tongue-cheeses-200g-bahcivan","status":"publish","type":"product","link":"https:\/\/santralgida.com\/en\/urun\/tongue-cheeses-200g-bahcivan\/","title":{"rendered":"Tongue Cheese 200 G Bah\u00e7\u0131van"},"content":{"rendered":"","protected":false},"excerpt":{"rendered":"<p>Tongue Cheese 200 G Bah\u00e7\u0131van was developed for hotel breakfast rooms. It adds a unique character to breakfast and appetizer plates. Available in large bulk packs.  <\/p>\n","protected":false},"featured_media":8816,"comment_status":"open","ping_status":"closed","template":"","meta":[],"product_brand":[],"product_cat":[84],"product_tag":[],"class_list":{"0":"post-8815","1":"product","2":"type-product","3":"status-publish","4":"has-post-thumbnail","6":"product_cat-cheese","8":"first","9":"instock","10":"taxable","11":"shipping-taxable","12":"product-type-simple"},"_links":{"self":[{"href":"https:\/\/santralgida.com\/en\/wp-json\/wp\/v2\/product\/8815","targetHints":{"allow":["GET"]}}],"collection":[{"href":"https:\/\/santralgida.com\/en\/wp-json\/wp\/v2\/product"}],"about":[{"href":"https:\/\/santralgida.com\/en\/wp-json\/wp\/v2\/types\/product"}],"replies":[{"embeddable":true,"href":"https:\/\/santralgida.com\/en\/wp-json\/wp\/v2\/comments?post=8815"}],"wp:featuredmedia":[{"embeddable":true,"href":"https:\/\/santralgida.com\/en\/wp-json\/wp\/v2\/media\/8816"}],"wp:attachment":[{"href":"https:\/\/santralgida.com\/en\/wp-json\/wp\/v2\/media?parent=8815"}],"wp:term":[{"taxonomy":"product_brand","embeddable":true,"href":"https:\/\/santralgida.com\/en\/wp-json\/wp\/v2\/product_brand?post=8815"},{"taxonomy":"product_cat","embeddable":true,"href":"https:\/\/santralgida.com\/en\/wp-json\/wp\/v2\/product_cat?post=8815"},{"taxonomy":"product_tag","embeddable":true,"href":"https:\/\/santralgida.com\/en\/wp-json\/wp\/v2\/product_tag?post=8815"}],"curies":[{"name":"wp","href":"https:\/\/api.w.org\/{rel}","templated":true}]}}