{"id":8811,"date":"2025-12-09T08:20:52","date_gmt":"2025-12-09T08:20:52","guid":{"rendered":"https:\/\/santralgida.com\/urun\/cream-cheeses-20-g-144-sutas\/"},"modified":"2026-04-23T05:58:17","modified_gmt":"2026-04-23T05:58:17","slug":"cream-cheeses-20-g-144-sutas","status":"publish","type":"product","link":"https:\/\/santralgida.com\/en\/urun\/cream-cheeses-20-g-144-sutas\/","title":{"rendered":"Cream Cheese 20 G *144 S\u00fcta\u015f"},"content":{"rendered":"","protected":false},"excerpt":{"rendered":"<p>Preferred by caf\u00e9 businesses. Cream Cheese 20 G *144 S\u00fcta\u015f is used in hot kitchen as a sauce enricher. Customized supply according to your menu needs.  <\/p>\n","protected":false},"featured_media":8812,"comment_status":"open","ping_status":"closed","template":"","meta":[],"product_brand":[],"product_cat":[84],"product_tag":[],"class_list":{"0":"post-8811","1":"product","2":"type-product","3":"status-publish","4":"has-post-thumbnail","6":"product_cat-cheese","8":"first","9":"instock","10":"taxable","11":"shipping-taxable","12":"product-type-simple"},"_links":{"self":[{"href":"https:\/\/santralgida.com\/en\/wp-json\/wp\/v2\/product\/8811","targetHints":{"allow":["GET"]}}],"collection":[{"href":"https:\/\/santralgida.com\/en\/wp-json\/wp\/v2\/product"}],"about":[{"href":"https:\/\/santralgida.com\/en\/wp-json\/wp\/v2\/types\/product"}],"replies":[{"embeddable":true,"href":"https:\/\/santralgida.com\/en\/wp-json\/wp\/v2\/comments?post=8811"}],"wp:featuredmedia":[{"embeddable":true,"href":"https:\/\/santralgida.com\/en\/wp-json\/wp\/v2\/media\/8812"}],"wp:attachment":[{"href":"https:\/\/santralgida.com\/en\/wp-json\/wp\/v2\/media?parent=8811"}],"wp:term":[{"taxonomy":"product_brand","embeddable":true,"href":"https:\/\/santralgida.com\/en\/wp-json\/wp\/v2\/product_brand?post=8811"},{"taxonomy":"product_cat","embeddable":true,"href":"https:\/\/santralgida.com\/en\/wp-json\/wp\/v2\/product_cat?post=8811"},{"taxonomy":"product_tag","embeddable":true,"href":"https:\/\/santralgida.com\/en\/wp-json\/wp\/v2\/product_tag?post=8811"}],"curies":[{"name":"wp","href":"https:\/\/api.w.org\/{rel}","templated":true}]}}