{"id":8535,"date":"2025-12-09T08:21:08","date_gmt":"2025-12-09T08:21:08","guid":{"rendered":"https:\/\/santralgida.com\/urun\/cecil-cheeses-1000g-teksut\/"},"modified":"2026-04-23T05:57:54","modified_gmt":"2026-04-23T05:57:54","slug":"cecil-cheeses-1000g-teksut","status":"publish","type":"product","link":"https:\/\/santralgida.com\/en\/urun\/cecil-cheeses-1000g-teksut\/","title":{"rendered":"Chechil Cheese 1000 G Teks\u00fct"},"content":{"rendered":"","protected":false},"excerpt":{"rendered":"<p>\u00c7e\u00e7il Cheese 1000 G Teks\u00fct, experienced milk producer &#8211; stands out on breakfast plates with its distinctive stringy texture. Distribution 6 days a week. <\/p>\n","protected":false},"featured_media":8537,"comment_status":"open","ping_status":"closed","template":"","meta":[],"product_brand":[],"product_cat":[84],"product_tag":[],"class_list":{"0":"post-8535","1":"product","2":"type-product","3":"status-publish","4":"has-post-thumbnail","6":"product_cat-cheese","8":"first","9":"instock","10":"taxable","11":"shipping-taxable","12":"product-type-simple"},"_links":{"self":[{"href":"https:\/\/santralgida.com\/en\/wp-json\/wp\/v2\/product\/8535","targetHints":{"allow":["GET"]}}],"collection":[{"href":"https:\/\/santralgida.com\/en\/wp-json\/wp\/v2\/product"}],"about":[{"href":"https:\/\/santralgida.com\/en\/wp-json\/wp\/v2\/types\/product"}],"replies":[{"embeddable":true,"href":"https:\/\/santralgida.com\/en\/wp-json\/wp\/v2\/comments?post=8535"}],"wp:featuredmedia":[{"embeddable":true,"href":"https:\/\/santralgida.com\/en\/wp-json\/wp\/v2\/media\/8537"}],"wp:attachment":[{"href":"https:\/\/santralgida.com\/en\/wp-json\/wp\/v2\/media?parent=8535"}],"wp:term":[{"taxonomy":"product_brand","embeddable":true,"href":"https:\/\/santralgida.com\/en\/wp-json\/wp\/v2\/product_brand?post=8535"},{"taxonomy":"product_cat","embeddable":true,"href":"https:\/\/santralgida.com\/en\/wp-json\/wp\/v2\/product_cat?post=8535"},{"taxonomy":"product_tag","embeddable":true,"href":"https:\/\/santralgida.com\/en\/wp-json\/wp\/v2\/product_tag?post=8535"}],"curies":[{"name":"wp","href":"https:\/\/api.w.org\/{rel}","templated":true}]}}